{"id":5741,"date":"2017-10-03T08:54:12","date_gmt":"2017-10-03T11:54:12","guid":{"rendered":"http:\/\/clusterciarnews.com.ar\/prensa\/?page_id=5741"},"modified":"2017-10-03T09:05:20","modified_gmt":"2017-10-03T12:05:20","slug":"converti-este-medio-informativo-en-tu-espacio-publicitario","status":"publish","type":"page","link":"http:\/\/ccnews.com.ar\/prensa\/converti-este-medio-informativo-en-tu-espacio-publicitario\/","title":{"rendered":"Convert\u00ed este medio informativo en tu espacio publicitario"},"content":{"rendered":"<p><strong>Est\u00e1s a un clic de contactar con miles de clientes potenciales.<\/strong><\/p>\n<p>Te presentamos <strong>clusterciarnews.com.ar.<\/strong>\u00a0Un medio digital que comunica\u00a0novedades y soluciones de <strong>ingenier\u00eda, tecnolog\u00eda, educaci\u00f3n, sociedad,\u00a0management e inspecci\u00f3n t\u00e9cnica de obras<\/strong>. Un espacio que contribuye a\u00a0la <strong>difusi\u00f3n del conocimiento<\/strong> y permite <strong>identificar tendencias<\/strong> que\u00a0impactan en el desarrollo econ\u00f3mico, en la educaci\u00f3n, en la mejora de la gesti\u00f3n\u00a0y en el desarrollo de la comunidad. Un sitio con m\u00e1s de un a\u00f1o de vida que\u00a0contin\u00faa creciendo en cantidad de<strong> lectores<\/strong> y de <strong>suscriptores<\/strong>.<\/p>\n<p><img data-recalc-dims=\"1\" loading=\"lazy\" decoding=\"async\" data-attachment-id=\"5743\" data-permalink=\"http:\/\/ccnews.com.ar\/prensa\/converti-este-medio-informativo-en-tu-espacio-publicitario\/ccn-una-propuesta-que-vale-por-dos-1\/\" data-orig-file=\"https:\/\/i0.wp.com\/ccnews.com.ar\/prensa\/wp-content\/uploads\/2017\/10\/CCN-Una-propuesta-que-vale-por-dos-1.jpg?fit=2344%2C527\" data-orig-size=\"2344,527\" data-comments-opened=\"0\" data-image-meta=\"{&quot;aperture&quot;:&quot;0&quot;,&quot;credit&quot;:&quot;&quot;,&quot;camera&quot;:&quot;&quot;,&quot;caption&quot;:&quot;&quot;,&quot;created_timestamp&quot;:&quot;0&quot;,&quot;copyright&quot;:&quot;&quot;,&quot;focal_length&quot;:&quot;0&quot;,&quot;iso&quot;:&quot;0&quot;,&quot;shutter_speed&quot;:&quot;0&quot;,&quot;title&quot;:&quot;&quot;,&quot;orientation&quot;:&quot;0&quot;}\" data-image-title=\"CCN&amp;#8212;Una-propuesta-que-vale-por-dos-1\" data-image-description=\"\" data-image-caption=\"\" data-large-file=\"https:\/\/i0.wp.com\/ccnews.com.ar\/prensa\/wp-content\/uploads\/2017\/10\/CCN-Una-propuesta-que-vale-por-dos-1.jpg?fit=800%2C180\" class=\"size-large wp-image-5743 aligncenter\" src=\"https:\/\/i0.wp.com\/clusterciarnews.com.ar\/prensa\/wp-content\/uploads\/2017\/10\/CCN-Una-propuesta-que-vale-por-dos-1-1024x230.jpg?resize=800%2C180\" alt=\"\" width=\"800\" height=\"180\" srcset=\"https:\/\/i0.wp.com\/ccnews.com.ar\/prensa\/wp-content\/uploads\/2017\/10\/CCN-Una-propuesta-que-vale-por-dos-1.jpg?resize=1024%2C230 1024w, https:\/\/i0.wp.com\/ccnews.com.ar\/prensa\/wp-content\/uploads\/2017\/10\/CCN-Una-propuesta-que-vale-por-dos-1.jpg?resize=300%2C67 300w, https:\/\/i0.wp.com\/ccnews.com.ar\/prensa\/wp-content\/uploads\/2017\/10\/CCN-Una-propuesta-que-vale-por-dos-1.jpg?resize=768%2C173 768w, https:\/\/i0.wp.com\/ccnews.com.ar\/prensa\/wp-content\/uploads\/2017\/10\/CCN-Una-propuesta-que-vale-por-dos-1.jpg?w=1600 1600w\" sizes=\"auto, (max-width: 800px) 100vw, 800px\" \/><\/p>\n<p><em><strong>Para reservar tu espacio o consultar m\u00e1s detalles, complete el siguiente formulario.<\/strong><\/em><\/p>\n\n<div class=\"wpcf7 no-js\" id=\"wpcf7-f4165-o1\" lang=\"es-ES\" dir=\"ltr\" data-wpcf7-id=\"4165\">\n<div class=\"screen-reader-response\"><p role=\"status\" aria-live=\"polite\" aria-atomic=\"true\"><\/p> <ul><\/ul><\/div>\n<form action=\"\/prensa\/wp-json\/wp\/v2\/pages\/5741#wpcf7-f4165-o1\" method=\"post\" class=\"wpcf7-form init\" aria-label=\"Formulario de contacto\" novalidate=\"novalidate\" data-status=\"init\">\n<fieldset class=\"hidden-fields-container\"><input type=\"hidden\" name=\"_wpcf7\" value=\"4165\" \/><input type=\"hidden\" name=\"_wpcf7_version\" value=\"6.1.5\" \/><input type=\"hidden\" name=\"_wpcf7_locale\" value=\"es_ES\" \/><input type=\"hidden\" name=\"_wpcf7_unit_tag\" value=\"wpcf7-f4165-o1\" \/><input type=\"hidden\" name=\"_wpcf7_container_post\" value=\"0\" \/><input type=\"hidden\" name=\"_wpcf7_posted_data_hash\" value=\"\" \/>\n<\/fieldset>\n<p><label> Nombre y Apellido*<br \/>\n<span class=\"wpcf7-form-control-wrap\" data-name=\"your-name\"><input size=\"40\" maxlength=\"400\" class=\"wpcf7-form-control wpcf7-text wpcf7-validates-as-required\" aria-required=\"true\" aria-invalid=\"false\" value=\"\" type=\"text\" name=\"your-name\" \/><\/span> <\/label>\n<\/p>\n<p><label> Tu correo electr\u00f3nico*<br \/>\n<span class=\"wpcf7-form-control-wrap\" data-name=\"your-email\"><input size=\"40\" maxlength=\"400\" class=\"wpcf7-form-control wpcf7-email wpcf7-validates-as-required wpcf7-text wpcf7-validates-as-email\" aria-required=\"true\" aria-invalid=\"false\" value=\"\" type=\"email\" name=\"your-email\" \/><\/span> <\/label>\n<\/p>\n<p><label> Tel\u00e9fono<br \/>\n<span class=\"wpcf7-form-control-wrap\" data-name=\"tel-808\"><input size=\"40\" maxlength=\"400\" class=\"wpcf7-form-control wpcf7-tel wpcf7-validates-as-required wpcf7-text wpcf7-validates-as-tel\" aria-required=\"true\" aria-invalid=\"false\" value=\"\" type=\"tel\" name=\"tel-808\" \/><\/span> <\/label>\n<\/p>\n<p><label> Empresa<br \/>\n<span class=\"wpcf7-form-control-wrap\" data-name=\"your-subject\"><input size=\"40\" maxlength=\"400\" class=\"wpcf7-form-control wpcf7-text wpcf7-validates-as-required\" aria-required=\"true\" aria-invalid=\"false\" value=\"\" type=\"text\" name=\"your-subject\" \/><\/span> <\/label>\n<\/p>\n<p><label> Mensaje<br \/>\n<span class=\"wpcf7-form-control-wrap\" data-name=\"your-message\"><textarea cols=\"40\" rows=\"10\" maxlength=\"2000\" class=\"wpcf7-form-control wpcf7-textarea wpcf7-validates-as-required\" aria-required=\"true\" aria-invalid=\"false\" name=\"your-message\"><\/textarea><\/span> <\/label>\n<\/p>\n<p><input class=\"wpcf7-form-control wpcf7-submit has-spinner\" type=\"submit\" value=\"Enviar\" \/>\n<\/p><input type='hidden' class='wpcf7-pum' value='{\"closepopup\":false,\"closedelay\":0,\"openpopup\":false,\"openpopup_id\":0}' \/><div class=\"wpcf7-response-output\" aria-hidden=\"true\"><\/div>\n<\/form>\n<\/div>\n\n<p>&nbsp;<\/p>\n<!-- AddThis Advanced Settings generic via filter on the_content -->","protected":false},"excerpt":{"rendered":"<p>Est\u00e1s a un clic de contactar con miles de clientes potenciales. Te presentamos clusterciarnews.com.ar.\u00a0Un medio digital que comunica\u00a0novedades y soluciones<!-- AddThis Advanced Settings generic via filter on get_the_excerpt --><\/p>\n","protected":false},"author":2,"featured_media":0,"parent":0,"menu_order":0,"comment_status":"closed","ping_status":"closed","template":"","meta":{"colormag_page_container_layout":"default_layout","colormag_page_sidebar_layout":"default_layout","jetpack_post_was_ever_published":false,"footnotes":""},"class_list":["post-5741","page","type-page","status-publish","hentry"],"jetpack_shortlink":"https:\/\/wp.me\/P7L1gj-1uB","jetpack-related-posts":[{"id":6887,"url":"http:\/\/ccnews.com.ar\/prensa\/aniversario-comodoro-rivadavia\/","url_meta":{"origin":5741,"position":0},"title":"117\u00b0 Aniversario de Comodoro Rivadavia","author":"CLUSTERciar","date":"9 febrero, 2018","format":false,"excerpt":"La ciudad m\u00e1s poblada de la\u00a0provincia del Chubut\u00a0 cumple un nuevo a\u00f1o desde su fundaci\u00f3n. CLUSTERciar News\u00a0 te invita a descubrir cu\u00e1nto conoc\u00e9s sobre la Capital Nacional del Petr\u00f3leo. Comodoro Rivadavia es la Capital Nacional del Petr\u00f3leo por ser el primer lugar del territorio nacional donde se descubri\u00f3 petr\u00f3leo y\u2026","rel":"","context":"Entrada similar","block_context":{"text":"Entrada similar","link":""},"img":{"alt_text":"","src":"https:\/\/i0.wp.com\/clusterciarnews.com.ar\/prensa\/wp-content\/uploads\/2018\/02\/201802BAN_pag-CLUSTERCiar_Aniv_ComodoroRev0-300x60.gif?resize=350%2C200","width":350,"height":200,"srcset":"https:\/\/i0.wp.com\/clusterciarnews.com.ar\/prensa\/wp-content\/uploads\/2018\/02\/201802BAN_pag-CLUSTERCiar_Aniv_ComodoroRev0-300x60.gif?resize=350%2C200 1x, https:\/\/i0.wp.com\/clusterciarnews.com.ar\/prensa\/wp-content\/uploads\/2018\/02\/201802BAN_pag-CLUSTERCiar_Aniv_ComodoroRev0-300x60.gif?resize=525%2C300 1,5x, https:\/\/i0.wp.com\/clusterciarnews.com.ar\/prensa\/wp-content\/uploads\/2018\/02\/201802BAN_pag-CLUSTERCiar_Aniv_ComodoroRev0-300x60.gif?resize=700%2C400 2x"},"classes":[]},{"id":2,"url":"http:\/\/ccnews.com.ar\/prensa\/pagina-ejemplo\/","url_meta":{"origin":5741,"position":1},"title":"P\u00e1gina de ejemplo","author":"admin","date":"6 noviembre, 2013","format":false,"excerpt":"Esto es una p\u00e1gina de ejemplo. Es diferente a una entrada porque permanece fija en un lugar y se mostrar\u00e1 en la navegaci\u00f3n de tu sitio (en la mayor\u00eda de los temas). La mayor\u00eda de la gente empieza con una p\u00e1gina de Acerca de, que les presenta a los potenciales\u2026","rel":"","context":"Entrada similar","block_context":{"text":"Entrada similar","link":""},"img":{"alt_text":"","src":"","width":0,"height":0},"classes":[]},{"id":3965,"url":"http:\/\/ccnews.com.ar\/prensa\/sorteo-aniversario\/","url_meta":{"origin":5741,"position":2},"title":"Sorteo Aniversario!","author":"CLUSTERciar","date":"28 abril, 2017","format":false,"excerpt":"Cumplimos un a\u00f1o y lo festejamos con vos! Complet\u00e1 la encuesta y particip\u00e1 del sorteo por un SmartWatch SONY. Tenes tiempo hasta el 2 de Junio. El sorteo ha finalizado. Anunciaremos al ganador a la brevedad. Gracias a todos por participar. \u00a0 \u00a0 \u00a0 \u00a0 \u00a0 BASES Y CONDICIONES:\u00a0La participaci\u00f3n\u2026","rel":"","context":"Entrada similar","block_context":{"text":"Entrada similar","link":""},"img":{"alt_text":"","src":"","width":0,"height":0},"classes":[]}],"jetpack_sharing_enabled":true,"_links":{"self":[{"href":"http:\/\/ccnews.com.ar\/prensa\/wp-json\/wp\/v2\/pages\/5741","targetHints":{"allow":["GET"]}}],"collection":[{"href":"http:\/\/ccnews.com.ar\/prensa\/wp-json\/wp\/v2\/pages"}],"about":[{"href":"http:\/\/ccnews.com.ar\/prensa\/wp-json\/wp\/v2\/types\/page"}],"author":[{"embeddable":true,"href":"http:\/\/ccnews.com.ar\/prensa\/wp-json\/wp\/v2\/users\/2"}],"replies":[{"embeddable":true,"href":"http:\/\/ccnews.com.ar\/prensa\/wp-json\/wp\/v2\/comments?post=5741"}],"version-history":[{"count":3,"href":"http:\/\/ccnews.com.ar\/prensa\/wp-json\/wp\/v2\/pages\/5741\/revisions"}],"predecessor-version":[{"id":5803,"href":"http:\/\/ccnews.com.ar\/prensa\/wp-json\/wp\/v2\/pages\/5741\/revisions\/5803"}],"wp:attachment":[{"href":"http:\/\/ccnews.com.ar\/prensa\/wp-json\/wp\/v2\/media?parent=5741"}],"curies":[{"name":"wp","href":"https:\/\/api.w.org\/{rel}","templated":true}]}}