{"id":963,"date":"2016-08-01T14:47:14","date_gmt":"2016-08-01T17:47:14","guid":{"rendered":"http:\/\/clusterciarnews.com.ar\/prensa\/?page_id=963"},"modified":"2018-12-03T13:32:33","modified_gmt":"2018-12-03T16:32:33","slug":"suscribite","status":"publish","type":"page","link":"http:\/\/ccnews.com.ar\/prensa\/suscribite\/","title":{"rendered":"Suscribite"},"content":{"rendered":"<div id=\"optin-L73jT6Su\" data-type=\"inline\" class=\"p-inline\">\n<form id=\"optin-form-L73jT6Su\" class=\"p-optin\" action=\"https:\/\/pubapi.myperfit.com\/v2\/optin\/clusterciar\/L73jT6Su\" method=\"POST\" accept-charset=\"UTF-8\" data-ajax=\"true\">\n<div class=\"p-close\" id=\"p-close\">\u00d7<\/div>\n<div class=\"p-header\">Suscribite<\/div>\n<div class=\"p-body\">\n<p><input type=\"hidden\" name=\"redirect\" value=\"\"><\/p>\n<div class=\"p-field\"><label><span>Nombre y Apellido<\/span><\/label><input type=\"text\" name=\"fields[1]\" placeholder=\"Nombre y Apellido\" data-validate=\"TEXT\"><\/div>\n<div class=\"p-field\"><label><span>Email<\/span><\/label><input type=\"text\" name=\"fields[3]\" placeholder=\"Email\" data-required=\"true\" data-validate=\"EMAIL\"><\/div>\n<div class=\"p-interests\">\n<p class=\"p-interests-text\">\n<\/div>\n<p><button class=\"p-submit\" type=\"submit\">ENVIAR<\/button><\/div>\n<\/form>\n<\/div>\n<!-- AddThis Advanced Settings generic via filter on the_content -->","protected":false},"excerpt":{"rendered":"<p>\u00d7 Suscribite Nombre y Apellido Email ENVIAR<!-- AddThis Advanced Settings generic via filter on get_the_excerpt --><\/p>\n","protected":false},"author":2,"featured_media":0,"parent":0,"menu_order":0,"comment_status":"closed","ping_status":"closed","template":"","meta":{"colormag_page_container_layout":"default_layout","colormag_page_sidebar_layout":"default_layout","jetpack_post_was_ever_published":false,"footnotes":""},"class_list":["post-963","page","type-page","status-publish","hentry"],"jetpack_shortlink":"https:\/\/wp.me\/P7L1gj-fx","jetpack-related-posts":[{"id":3965,"url":"http:\/\/ccnews.com.ar\/prensa\/sorteo-aniversario\/","url_meta":{"origin":963,"position":0},"title":"Sorteo Aniversario!","author":"CLUSTERciar","date":"28 abril, 2017","format":false,"excerpt":"Cumplimos un a\u00f1o y lo festejamos con vos! Complet\u00e1 la encuesta y particip\u00e1 del sorteo por un SmartWatch SONY. Tenes tiempo hasta el 2 de Junio. El sorteo ha finalizado. Anunciaremos al ganador a la brevedad. Gracias a todos por participar. \u00a0 \u00a0 \u00a0 \u00a0 \u00a0 BASES Y CONDICIONES:\u00a0La participaci\u00f3n\u2026","rel":"","context":"Entrada similar","block_context":{"text":"Entrada similar","link":""},"img":{"alt_text":"","src":"","width":0,"height":0},"classes":[]},{"id":2,"url":"http:\/\/ccnews.com.ar\/prensa\/pagina-ejemplo\/","url_meta":{"origin":963,"position":1},"title":"P\u00e1gina de ejemplo","author":"admin","date":"6 noviembre, 2013","format":false,"excerpt":"Esto es una p\u00e1gina de ejemplo. Es diferente a una entrada porque permanece fija en un lugar y se mostrar\u00e1 en la navegaci\u00f3n de tu sitio (en la mayor\u00eda de los temas). La mayor\u00eda de la gente empieza con una p\u00e1gina de Acerca de, que les presenta a los potenciales\u2026","rel":"","context":"Entrada similar","block_context":{"text":"Entrada similar","link":""},"img":{"alt_text":"","src":"","width":0,"height":0},"classes":[]},{"id":5741,"url":"http:\/\/ccnews.com.ar\/prensa\/converti-este-medio-informativo-en-tu-espacio-publicitario\/","url_meta":{"origin":963,"position":2},"title":"Convert\u00ed este medio informativo en tu espacio publicitario","author":"CLUSTERciar","date":"3 octubre, 2017","format":false,"excerpt":"Est\u00e1s a un clic de contactar con miles de clientes potenciales. Te presentamos clusterciarnews.com.ar.\u00a0Un medio digital que comunica\u00a0novedades y soluciones de ingenier\u00eda, tecnolog\u00eda, educaci\u00f3n, sociedad,\u00a0management e inspecci\u00f3n t\u00e9cnica de obras. Un espacio que contribuye a\u00a0la difusi\u00f3n del conocimiento y permite identificar tendencias que\u00a0impactan en el desarrollo econ\u00f3mico, en la educaci\u00f3n,\u2026","rel":"","context":"Entrada similar","block_context":{"text":"Entrada similar","link":""},"img":{"alt_text":"","src":"https:\/\/i0.wp.com\/clusterciarnews.com.ar\/prensa\/wp-content\/uploads\/2017\/10\/CCN-Una-propuesta-que-vale-por-dos-1-1024x230.jpg?resize=350%2C200","width":350,"height":200,"srcset":"https:\/\/i0.wp.com\/clusterciarnews.com.ar\/prensa\/wp-content\/uploads\/2017\/10\/CCN-Una-propuesta-que-vale-por-dos-1-1024x230.jpg?resize=350%2C200 1x, https:\/\/i0.wp.com\/clusterciarnews.com.ar\/prensa\/wp-content\/uploads\/2017\/10\/CCN-Una-propuesta-que-vale-por-dos-1-1024x230.jpg?resize=525%2C300 1,5x, https:\/\/i0.wp.com\/clusterciarnews.com.ar\/prensa\/wp-content\/uploads\/2017\/10\/CCN-Una-propuesta-que-vale-por-dos-1-1024x230.jpg?resize=700%2C400 2x"},"classes":[]},{"id":6887,"url":"http:\/\/ccnews.com.ar\/prensa\/aniversario-comodoro-rivadavia\/","url_meta":{"origin":963,"position":3},"title":"117\u00b0 Aniversario de Comodoro Rivadavia","author":"CLUSTERciar","date":"9 febrero, 2018","format":false,"excerpt":"La ciudad m\u00e1s poblada de la\u00a0provincia del Chubut\u00a0 cumple un nuevo a\u00f1o desde su fundaci\u00f3n. CLUSTERciar News\u00a0 te invita a descubrir cu\u00e1nto conoc\u00e9s sobre la Capital Nacional del Petr\u00f3leo. Comodoro Rivadavia es la Capital Nacional del Petr\u00f3leo por ser el primer lugar del territorio nacional donde se descubri\u00f3 petr\u00f3leo y\u2026","rel":"","context":"Entrada similar","block_context":{"text":"Entrada similar","link":""},"img":{"alt_text":"","src":"https:\/\/i0.wp.com\/clusterciarnews.com.ar\/prensa\/wp-content\/uploads\/2018\/02\/201802BAN_pag-CLUSTERCiar_Aniv_ComodoroRev0-300x60.gif?resize=350%2C200","width":350,"height":200,"srcset":"https:\/\/i0.wp.com\/clusterciarnews.com.ar\/prensa\/wp-content\/uploads\/2018\/02\/201802BAN_pag-CLUSTERCiar_Aniv_ComodoroRev0-300x60.gif?resize=350%2C200 1x, https:\/\/i0.wp.com\/clusterciarnews.com.ar\/prensa\/wp-content\/uploads\/2018\/02\/201802BAN_pag-CLUSTERCiar_Aniv_ComodoroRev0-300x60.gif?resize=525%2C300 1,5x, https:\/\/i0.wp.com\/clusterciarnews.com.ar\/prensa\/wp-content\/uploads\/2018\/02\/201802BAN_pag-CLUSTERCiar_Aniv_ComodoroRev0-300x60.gif?resize=700%2C400 2x"},"classes":[]}],"jetpack_sharing_enabled":true,"_links":{"self":[{"href":"http:\/\/ccnews.com.ar\/prensa\/wp-json\/wp\/v2\/pages\/963","targetHints":{"allow":["GET"]}}],"collection":[{"href":"http:\/\/ccnews.com.ar\/prensa\/wp-json\/wp\/v2\/pages"}],"about":[{"href":"http:\/\/ccnews.com.ar\/prensa\/wp-json\/wp\/v2\/types\/page"}],"author":[{"embeddable":true,"href":"http:\/\/ccnews.com.ar\/prensa\/wp-json\/wp\/v2\/users\/2"}],"replies":[{"embeddable":true,"href":"http:\/\/ccnews.com.ar\/prensa\/wp-json\/wp\/v2\/comments?post=963"}],"version-history":[{"count":3,"href":"http:\/\/ccnews.com.ar\/prensa\/wp-json\/wp\/v2\/pages\/963\/revisions"}],"predecessor-version":[{"id":9567,"href":"http:\/\/ccnews.com.ar\/prensa\/wp-json\/wp\/v2\/pages\/963\/revisions\/9567"}],"wp:attachment":[{"href":"http:\/\/ccnews.com.ar\/prensa\/wp-json\/wp\/v2\/media?parent=963"}],"curies":[{"name":"wp","href":"https:\/\/api.w.org\/{rel}","templated":true}]}}